{"id":1569,"date":"2026-02-24T14:55:41","date_gmt":"2026-02-24T13:55:41","guid":{"rendered":"https:\/\/www.3teragency.com\/?page_id=1569"},"modified":"2026-03-05T09:02:52","modified_gmt":"2026-03-05T08:02:52","slug":"mentions-legales","status":"publish","type":"page","link":"https:\/\/www.3teragency.com\/index.php\/mentions-legales\/","title":{"rendered":"Mentions L\u00e9gales"},"content":{"rendered":"\t\t<div data-elementor-type=\"wp-page\" data-elementor-id=\"1569\" class=\"elementor elementor-1569\">\n\t\t\t\t\t\t<section class=\"elementor-section elementor-top-section elementor-element elementor-element-06d0949 elementor-section-boxed elementor-section-height-default elementor-section-height-default\" data-id=\"06d0949\" data-element_type=\"section\" data-e-type=\"section\">\n\t\t\t\t\t\t<div class=\"elementor-container elementor-column-gap-default\">\n\t\t\t\t\t<div class=\"elementor-column elementor-col-100 elementor-top-column elementor-element elementor-element-5d88ed4\" data-id=\"5d88ed4\" data-element_type=\"column\" data-e-type=\"column\">\n\t\t\t<div class=\"elementor-widget-wrap elementor-element-populated\">\n\t\t\t\t\t\t<div class=\"elementor-element elementor-element-548d80b elementor-widget elementor-widget-spacer\" data-id=\"548d80b\" data-element_type=\"widget\" data-e-type=\"widget\" data-widget_type=\"spacer.default\">\n\t\t\t\t\t\t\t<div class=\"elementor-spacer\">\n\t\t\t<div class=\"elementor-spacer-inner\"><\/div>\n\t\t<\/div>\n\t\t\t\t\t\t<\/div>\n\t\t\t\t<div class=\"elementor-element elementor-element-58ab2f3 elementor-widget elementor-widget-heading\" data-id=\"58ab2f3\" data-element_type=\"widget\" data-e-type=\"widget\" data-widget_type=\"heading.default\">\n\t\t\t\t\t<h2 class=\"elementor-heading-title elementor-size-default\">Mentions l\u00e9gales<\/h2>\t\t\t\t<\/div>\n\t\t\t\t<div class=\"elementor-element elementor-element-965f6ad elementor-widget elementor-widget-heading\" data-id=\"965f6ad\" data-element_type=\"widget\" data-e-type=\"widget\" data-widget_type=\"heading.default\">\n\t\t\t\t\t<h4 class=\"elementor-heading-title elementor-size-default\">\u00c9dition du site Internet<\/h4>\t\t\t\t<\/div>\n\t\t\t\t<div class=\"elementor-element elementor-element-2846ffd elementor-widget elementor-widget-text-editor\" data-id=\"2846ffd\" data-element_type=\"widget\" data-e-type=\"widget\" data-widget_type=\"text-editor.default\">\n\t\t\t\t\t\t\t\t\t<p>Le site 3TER Agency, accessible \u00e0 l\u2019adresse <a href=\"https:\/\/www.3teragency.com\/\">www.3teragency.com<\/a> est \u00e9dit\u00e9 par Marion Bechemilh (DAME PIXEL), Graphiste Webdesigner domicili\u00e9e \u00e0 St Pierre d\u2019Irube (64) pour Camille Delon (3TER AGENCY), domicili\u00e9e \u00e0 Bellegarde (30127).<\/p><p>Cr\u00e9dit Photo : Camille Delon 3TER Agency.<\/p>\t\t\t\t\t\t\t\t<\/div>\n\t\t\t\t<div class=\"elementor-element elementor-element-81610cb elementor-widget elementor-widget-heading\" data-id=\"81610cb\" data-element_type=\"widget\" data-e-type=\"widget\" data-widget_type=\"heading.default\">\n\t\t\t\t\t<h4 class=\"elementor-heading-title elementor-size-default\">H\u00e9bergeur du site Internet<\/h4>\t\t\t\t<\/div>\n\t\t\t\t<div class=\"elementor-element elementor-element-6ee5664 elementor-widget elementor-widget-text-editor\" data-id=\"6ee5664\" data-element_type=\"widget\" data-e-type=\"widget\" data-widget_type=\"text-editor.default\">\n\t\t\t\t\t\t\t\t\t<p>Le Site est h\u00e9berg\u00e9 par OVH, SAS au capital de 50 000 000 euros, dont le si\u00e8ge social est situ\u00e9 2 Rue Kellermann, 59100 Roubaix, France. OVH SAS est une filiale de la soci\u00e9t\u00e9 OVH Groupe SA, soci\u00e9t\u00e9 immatricul\u00e9e au RCS de Lille sous le num\u00e9ro 537 407 926 sise 2, rue Kellermann, 59100 Roubaix.<\/p>\t\t\t\t\t\t\t\t<\/div>\n\t\t\t\t<div class=\"elementor-element elementor-element-d0c5d53 elementor-widget elementor-widget-heading\" data-id=\"d0c5d53\" data-element_type=\"widget\" data-e-type=\"widget\" data-widget_type=\"heading.default\">\n\t\t\t\t\t<h4 class=\"elementor-heading-title elementor-size-default\">Respect de la propri\u00e9t\u00e9 intellectuelle<\/h4>\t\t\t\t<\/div>\n\t\t\t\t<div class=\"elementor-element elementor-element-9b5ecef elementor-widget elementor-widget-text-editor\" data-id=\"9b5ecef\" data-element_type=\"widget\" data-e-type=\"widget\" data-widget_type=\"text-editor.default\">\n\t\t\t\t\t\t\t\t\t<p>Toutes les marques, photographies, textes, commentaires, illustrations, images anim\u00e9es ou non, s\u00e9quences vid\u00e9o, sons, ainsi que toutes les applications informatiques qui pourraient \u00eatre utilis\u00e9es pour faire fonctionner le Site et plus g\u00e9n\u00e9ralement tous les \u00e9l\u00e9ments reproduits ou utilis\u00e9s sur le Site sont prot\u00e9g\u00e9s par les lois en vigueur au titre de la propri\u00e9t\u00e9 intellectuelle.<\/p><p>Ils sont la propri\u00e9t\u00e9 pleine et enti\u00e8re de l\u2019Editeur et 3TER Agency, ou de leurs partenaires, sauf mentions particuli\u00e8res. Toute reproduction, repr\u00e9sentation, utilisation ou adaptation, sous quelque forme que ce soit, de tout ou partie de ces \u00e9l\u00e9ments, y compris les applications informatiques, sans l\u2019accord pr\u00e9alable et \u00e9crit de l\u2019Editeur et 3TER Agency, sont strictement interdites. Le fait pour l\u2019Editeur et 3TER Agency de ne pas engager de proc\u00e9dure d\u00e8s la prise de connaissance de ces utilisations non autoris\u00e9es ne vaut pas acceptation desdites utilisations et renonciation aux poursuites.<\/p><p>Seule l\u2019utilisation pour un usage priv\u00e9 dans un cercle de famille est autoris\u00e9e et toute autre utilisation est constitutive de contrefa\u00e7on et\/ou d\u2019atteinte aux droits voisins, sanctionn\u00e9es par Code de la propri\u00e9t\u00e9 intellectuelle.<\/p><p>La reprise de tout ou partie de ce contenu n\u00e9cessite l\u2019autorisation pr\u00e9alable de l\u2019Editeur ou du titulaire des droits sur ce contenu.<\/p>\t\t\t\t\t\t\t\t<\/div>\n\t\t\t\t<div class=\"elementor-element elementor-element-8da8fb1 elementor-widget elementor-widget-heading\" data-id=\"8da8fb1\" data-element_type=\"widget\" data-e-type=\"widget\" data-widget_type=\"heading.default\">\n\t\t\t\t\t<h4 class=\"elementor-heading-title elementor-size-default\">Liens hypertextes<\/h4>\t\t\t\t<\/div>\n\t\t\t\t<div class=\"elementor-element elementor-element-5e277a3 elementor-widget elementor-widget-text-editor\" data-id=\"5e277a3\" data-element_type=\"widget\" data-e-type=\"widget\" data-widget_type=\"text-editor.default\">\n\t\t\t\t\t\t\t\t\t<p>Le Site peut contenir des liens hypertexte donnant acc\u00e8s \u00e0 d\u2019autres sites web \u00e9dit\u00e9s et g\u00e9r\u00e9s par des tiers et non par l\u2019Editeur. L\u2019Editeur ne pourra \u00eatre tenu responsable directement ou indirectement dans le cas o\u00f9 lesdits sites tiers ne respecteraient pas les dispositions l\u00e9gales.<\/p>\t\t\t\t\t\t\t\t<\/div>\n\t\t\t\t<div class=\"elementor-element elementor-element-3870a13 elementor-widget elementor-widget-spacer\" data-id=\"3870a13\" data-element_type=\"widget\" data-e-type=\"widget\" data-widget_type=\"spacer.default\">\n\t\t\t\t\t\t\t<div class=\"elementor-spacer\">\n\t\t\t<div class=\"elementor-spacer-inner\"><\/div>\n\t\t<\/div>\n\t\t\t\t\t\t<\/div>\n\t\t\t\t\t<\/div>\n\t\t<\/div>\n\t\t\t\t\t<\/div>\n\t\t<\/section>\n\t\t\t\t<\/div>\n\t\t","protected":false},"excerpt":{"rendered":"<p>Mentions l\u00e9gales \u00c9dition du site Internet Le site 3TER Agency, accessible \u00e0 l\u2019adresse www.3teragency.com est \u00e9dit\u00e9 par Marion Bechemilh (DAME [&hellip;]<\/p>\n","protected":false},"author":3,"featured_media":0,"parent":0,"menu_order":0,"comment_status":"closed","ping_status":"closed","template":"","meta":{"site-sidebar-layout":"no-sidebar","site-content-layout":"","ast-site-content-layout":"full-width-container","site-content-style":"default","site-sidebar-style":"default","ast-global-header-display":"","ast-banner-title-visibility":"","ast-main-header-display":"","ast-hfb-above-header-display":"","ast-hfb-below-header-display":"","ast-hfb-mobile-header-display":"","site-post-title":"","ast-breadcrumbs-content":"","ast-featured-img":"disabled","footer-sml-layout":"","ast-disable-related-posts":"","theme-transparent-header-meta":"","adv-header-id-meta":"","stick-header-meta":"","header-above-stick-meta":"","header-main-stick-meta":"","header-below-stick-meta":"","astra-migrate-meta-layouts":"default","ast-page-background-enabled":"default","ast-page-background-meta":{"desktop":{"background-color":"var(--ast-global-color-5)","background-image":"","background-repeat":"repeat","background-position":"center center","background-size":"auto","background-attachment":"scroll","background-type":"","background-media":"","overlay-type":"","overlay-color":"","overlay-opacity":"","overlay-gradient":""},"tablet":{"background-color":"","background-image":"","background-repeat":"repeat","background-position":"center center","background-size":"auto","background-attachment":"scroll","background-type":"","background-media":"","overlay-type":"","overlay-color":"","overlay-opacity":"","overlay-gradient":""},"mobile":{"background-color":"","background-image":"","background-repeat":"repeat","background-position":"center center","background-size":"auto","background-attachment":"scroll","background-type":"","background-media":"","overlay-type":"","overlay-color":"","overlay-opacity":"","overlay-gradient":""}},"ast-content-background-meta":{"desktop":{"background-color":"var(--ast-global-color-4)","background-image":"","background-repeat":"repeat","background-position":"center center","background-size":"auto","background-attachment":"scroll","background-type":"","background-media":"","overlay-type":"","overlay-color":"","overlay-opacity":"","overlay-gradient":""},"tablet":{"background-color":"var(--ast-global-color-4)","background-image":"","background-repeat":"repeat","background-position":"center center","background-size":"auto","background-attachment":"scroll","background-type":"","background-media":"","overlay-type":"","overlay-color":"","overlay-opacity":"","overlay-gradient":""},"mobile":{"background-color":"var(--ast-global-color-4)","background-image":"","background-repeat":"repeat","background-position":"center center","background-size":"auto","background-attachment":"scroll","background-type":"","background-media":"","overlay-type":"","overlay-color":"","overlay-opacity":"","overlay-gradient":""}},"footnotes":""},"class_list":["post-1569","page","type-page","status-publish","hentry"],"yoast_head":"<!-- This site is optimized with the Yoast SEO plugin v27.1.1 - https:\/\/yoast.com\/product\/yoast-seo-wordpress\/ -->\n<title>Mentions L\u00e9gales - 3TER AGENCY<\/title>\n<meta name=\"robots\" content=\"index, follow, max-snippet:-1, max-image-preview:large, max-video-preview:-1\" \/>\n<link rel=\"canonical\" href=\"https:\/\/www.3teragency.com\/index.php\/mentions-legales\/\" \/>\n<meta property=\"og:locale\" content=\"fr_FR\" \/>\n<meta property=\"og:type\" content=\"article\" \/>\n<meta property=\"og:title\" content=\"Mentions L\u00e9gales - 3TER AGENCY\" \/>\n<meta property=\"og:description\" content=\"Mentions l\u00e9gales \u00c9dition du site Internet Le site 3TER Agency, accessible \u00e0 l\u2019adresse www.3teragency.com est \u00e9dit\u00e9 par Marion Bechemilh (DAME [&hellip;]\" \/>\n<meta property=\"og:url\" content=\"https:\/\/www.3teragency.com\/index.php\/mentions-legales\/\" \/>\n<meta property=\"og:site_name\" content=\"3TER AGENCY\" \/>\n<meta property=\"article:modified_time\" content=\"2026-03-05T08:02:52+00:00\" \/>\n<meta name=\"twitter:card\" content=\"summary_large_image\" \/>\n<meta name=\"twitter:label1\" content=\"Dur\u00e9e de lecture estim\u00e9e\" \/>\n\t<meta name=\"twitter:data1\" content=\"2 minutes\" \/>\n<script type=\"application\/ld+json\" class=\"yoast-schema-graph\">{\"@context\":\"https:\/\/schema.org\",\"@graph\":[{\"@type\":\"WebPage\",\"@id\":\"https:\/\/www.3teragency.com\/index.php\/mentions-legales\/\",\"url\":\"https:\/\/www.3teragency.com\/index.php\/mentions-legales\/\",\"name\":\"Mentions L\u00e9gales - 3TER AGENCY\",\"isPartOf\":{\"@id\":\"https:\/\/www.3teragency.com\/#website\"},\"datePublished\":\"2026-02-24T13:55:41+00:00\",\"dateModified\":\"2026-03-05T08:02:52+00:00\",\"breadcrumb\":{\"@id\":\"https:\/\/www.3teragency.com\/index.php\/mentions-legales\/#breadcrumb\"},\"inLanguage\":\"fr-FR\",\"potentialAction\":[{\"@type\":\"ReadAction\",\"target\":[\"https:\/\/www.3teragency.com\/index.php\/mentions-legales\/\"]}]},{\"@type\":\"BreadcrumbList\",\"@id\":\"https:\/\/www.3teragency.com\/index.php\/mentions-legales\/#breadcrumb\",\"itemListElement\":[{\"@type\":\"ListItem\",\"position\":1,\"name\":\"Accueil\",\"item\":\"https:\/\/www.3teragency.com\/\"},{\"@type\":\"ListItem\",\"position\":2,\"name\":\"Mentions L\u00e9gales\"}]},{\"@type\":\"WebSite\",\"@id\":\"https:\/\/www.3teragency.com\/#website\",\"url\":\"https:\/\/www.3teragency.com\/\",\"name\":\"3TER AGENCY\",\"description\":\"D\u00e9veloppez et maintenez une pr\u00e9sence qui r\u00e9sonne, engage et transforme.\",\"publisher\":{\"@id\":\"https:\/\/www.3teragency.com\/#organization\"},\"potentialAction\":[{\"@type\":\"SearchAction\",\"target\":{\"@type\":\"EntryPoint\",\"urlTemplate\":\"https:\/\/www.3teragency.com\/?s={search_term_string}\"},\"query-input\":{\"@type\":\"PropertyValueSpecification\",\"valueRequired\":true,\"valueName\":\"search_term_string\"}}],\"inLanguage\":\"fr-FR\"},{\"@type\":\"Organization\",\"@id\":\"https:\/\/www.3teragency.com\/#organization\",\"name\":\"3TER AGENCY\",\"url\":\"https:\/\/www.3teragency.com\/\",\"logo\":{\"@type\":\"ImageObject\",\"inLanguage\":\"fr-FR\",\"@id\":\"https:\/\/www.3teragency.com\/#\/schema\/logo\/image\/\",\"url\":\"https:\/\/3teragency.com\/wp-content\/uploads\/2025\/02\/3TER.COM-LOGO-blanc-1.png\",\"contentUrl\":\"https:\/\/3teragency.com\/wp-content\/uploads\/2025\/02\/3TER.COM-LOGO-blanc-1.png\",\"width\":1683,\"height\":970,\"caption\":\"3TER AGENCY\"},\"image\":{\"@id\":\"https:\/\/www.3teragency.com\/#\/schema\/logo\/image\/\"},\"sameAs\":[\"https:\/\/www.instagram.com\/3teragency\/\"]}]}<\/script>\n<!-- \/ Yoast SEO plugin. -->","yoast_head_json":{"title":"Mentions L\u00e9gales - 3TER AGENCY","robots":{"index":"index","follow":"follow","max-snippet":"max-snippet:-1","max-image-preview":"max-image-preview:large","max-video-preview":"max-video-preview:-1"},"canonical":"https:\/\/www.3teragency.com\/index.php\/mentions-legales\/","og_locale":"fr_FR","og_type":"article","og_title":"Mentions L\u00e9gales - 3TER AGENCY","og_description":"Mentions l\u00e9gales \u00c9dition du site Internet Le site 3TER Agency, accessible \u00e0 l\u2019adresse www.3teragency.com est \u00e9dit\u00e9 par Marion Bechemilh (DAME [&hellip;]","og_url":"https:\/\/www.3teragency.com\/index.php\/mentions-legales\/","og_site_name":"3TER AGENCY","article_modified_time":"2026-03-05T08:02:52+00:00","twitter_card":"summary_large_image","twitter_misc":{"Dur\u00e9e de lecture estim\u00e9e":"2 minutes"},"schema":{"@context":"https:\/\/schema.org","@graph":[{"@type":"WebPage","@id":"https:\/\/www.3teragency.com\/index.php\/mentions-legales\/","url":"https:\/\/www.3teragency.com\/index.php\/mentions-legales\/","name":"Mentions L\u00e9gales - 3TER AGENCY","isPartOf":{"@id":"https:\/\/www.3teragency.com\/#website"},"datePublished":"2026-02-24T13:55:41+00:00","dateModified":"2026-03-05T08:02:52+00:00","breadcrumb":{"@id":"https:\/\/www.3teragency.com\/index.php\/mentions-legales\/#breadcrumb"},"inLanguage":"fr-FR","potentialAction":[{"@type":"ReadAction","target":["https:\/\/www.3teragency.com\/index.php\/mentions-legales\/"]}]},{"@type":"BreadcrumbList","@id":"https:\/\/www.3teragency.com\/index.php\/mentions-legales\/#breadcrumb","itemListElement":[{"@type":"ListItem","position":1,"name":"Accueil","item":"https:\/\/www.3teragency.com\/"},{"@type":"ListItem","position":2,"name":"Mentions L\u00e9gales"}]},{"@type":"WebSite","@id":"https:\/\/www.3teragency.com\/#website","url":"https:\/\/www.3teragency.com\/","name":"3TER AGENCY","description":"D\u00e9veloppez et maintenez une pr\u00e9sence qui r\u00e9sonne, engage et transforme.","publisher":{"@id":"https:\/\/www.3teragency.com\/#organization"},"potentialAction":[{"@type":"SearchAction","target":{"@type":"EntryPoint","urlTemplate":"https:\/\/www.3teragency.com\/?s={search_term_string}"},"query-input":{"@type":"PropertyValueSpecification","valueRequired":true,"valueName":"search_term_string"}}],"inLanguage":"fr-FR"},{"@type":"Organization","@id":"https:\/\/www.3teragency.com\/#organization","name":"3TER AGENCY","url":"https:\/\/www.3teragency.com\/","logo":{"@type":"ImageObject","inLanguage":"fr-FR","@id":"https:\/\/www.3teragency.com\/#\/schema\/logo\/image\/","url":"https:\/\/3teragency.com\/wp-content\/uploads\/2025\/02\/3TER.COM-LOGO-blanc-1.png","contentUrl":"https:\/\/3teragency.com\/wp-content\/uploads\/2025\/02\/3TER.COM-LOGO-blanc-1.png","width":1683,"height":970,"caption":"3TER AGENCY"},"image":{"@id":"https:\/\/www.3teragency.com\/#\/schema\/logo\/image\/"},"sameAs":["https:\/\/www.instagram.com\/3teragency\/"]}]}},"_links":{"self":[{"href":"https:\/\/www.3teragency.com\/index.php\/wp-json\/wp\/v2\/pages\/1569","targetHints":{"allow":["GET"]}}],"collection":[{"href":"https:\/\/www.3teragency.com\/index.php\/wp-json\/wp\/v2\/pages"}],"about":[{"href":"https:\/\/www.3teragency.com\/index.php\/wp-json\/wp\/v2\/types\/page"}],"author":[{"embeddable":true,"href":"https:\/\/www.3teragency.com\/index.php\/wp-json\/wp\/v2\/users\/3"}],"replies":[{"embeddable":true,"href":"https:\/\/www.3teragency.com\/index.php\/wp-json\/wp\/v2\/comments?post=1569"}],"version-history":[{"count":11,"href":"https:\/\/www.3teragency.com\/index.php\/wp-json\/wp\/v2\/pages\/1569\/revisions"}],"predecessor-version":[{"id":1627,"href":"https:\/\/www.3teragency.com\/index.php\/wp-json\/wp\/v2\/pages\/1569\/revisions\/1627"}],"wp:attachment":[{"href":"https:\/\/www.3teragency.com\/index.php\/wp-json\/wp\/v2\/media?parent=1569"}],"curies":[{"name":"wp","href":"https:\/\/api.w.org\/{rel}","templated":true}]}}